{"id":338,"date":"2018-11-21T13:59:44","date_gmt":"2018-11-21T13:59:44","guid":{"rendered":"https:\/\/demo.gloriathemes.com\/eventchamp\/demo\/?page_id=338"},"modified":"2024-09-06T12:44:26","modified_gmt":"2024-09-06T10:44:26","slug":"footer-style-1","status":"publish","type":"page","link":"https:\/\/events.spain.info\/en\/footer-style-1\/","title":{"rendered":"Footer"},"content":{"rendered":"<div class=\"vc_row wpb_row vc_row-fluid gt-background-position-initial gt-background-attachment-initial gt-overflow-hidden gt-text-center vc_row-o-content-top vc_row-flex\"><div class=\"wpb_column vc_column_container vc_col-sm-12 vc_col-lg-5 vc_col-md-6 vc_col-xs-12\"><div class=\"vc_column-inner\"><div class=\"wpb_wrapper\"><div class=\"gt-heading gt-white gt-size2 gt-align-left\"><div class=\"gt-title\">About us<\/div><\/div><div class=\"vc_row wpb_row vc_inner vc_row-fluid vc_custom_1668524357138 vc_row-has-fill\"><div class=\"wpb_column vc_column_container vc_col-sm-3 vc_col-xs-4\"><div class=\"vc_column-inner\"><div class=\"wpb_wrapper\">\n\t<div  class=\"wpb_single_image wpb_content_element vc_align_left\">\n\t\t\n\t\t<figure class=\"wpb_wrapper vc_figure\">\n\t\t\t<div class=\"vc_single_image-wrapper   vc_box_border_grey\"><img loading=\"lazy\" decoding=\"async\" width=\"222\" height=\"244\" src=\"https:\/\/events.spain.info\/wp-content\/uploads\/2022\/11\/footer-logo.png\" class=\"vc_single_image-img attachment-full\" alt=\"\" title=\"footer-logo\" \/><\/div>\n\t\t<\/figure>\n\t<\/div>\n<\/div><\/div><\/div><div class=\"wpb_column vc_column_container vc_col-sm-9 vc_col-xs-8\"><div class=\"vc_column-inner\"><div class=\"wpb_wrapper\">\n\t<div class=\"wpb_raw_code wpb_content_element wpb_raw_html\" >\n\t\t<div class=\"wpb_wrapper\">\n\t\t\t<div class=\"gt-contact-box\"><div class=\"gt-item gt-text\">In Spain<\/div><div class=\"gt-item gt-address\"><svg xmlns=\"http:\/\/www.w3.org\/2000\/svg\" viewbox=\"0 0 24 24\" fill=\"none\" stroke=\"currentColor\" stroke-width=\"2\" stroke-linecap=\"round\" stroke-linejoin=\"round\"><path d=\"M21 10c0 7-9 13-9 13s-9-6-9-13a9 9 0 0 1 18 0z\"><\/path><circle cx=\"12\" cy=\"10\" r=\"3\"><\/circle><\/svg>Ministerio de Industria y Turismo<br> Instituto de Turismo de Espa\u00f1a - Turespa\u00f1a<br> C\/ Poeta Joan Maragall, 41 - 28020, Madrid<\/div><\/div>\n\t\t<\/div>\n\t<\/div>\n<div class=\"gt-contact-box\"><div class=\"gt-item gt-text\">Outside Spain<\/div><div class=\"gt-item gt-link gt-button gt-style-2\"><a href=\"https:\/\/www.tourspain.es\/es\/red-consejerias-exterior-turismo\/\" target=\"_blank\">Tourism ofices abroad<\/a><\/div><\/div><\/div><\/div><\/div><\/div><\/div><\/div><\/div><div class=\"wpb_column vc_column_container vc_col-sm-12 vc_col-lg-offset-0 vc_col-lg-3 vc_col-md-4 vc_col-xs-12\"><div class=\"vc_column-inner\"><div class=\"wpb_wrapper\"><div class=\"gt-heading gt-white gt-size2 gt-align-left\"><div class=\"gt-title\">Follow us<\/div><\/div>\n\t<div class=\"wpb_text_column wpb_content_element\" >\n\t\t<div class=\"wpb_wrapper\">\n\t\t\t\n\t\t<\/div>\n\t<\/div>\n<div class=\"vc_empty_space\"   style=\"height: 20px\"><span class=\"vc_empty_space_inner\"><\/span><\/div><div class=\"vc_empty_space\"   style=\"height: 25px\"><span class=\"vc_empty_space_inner\"><\/span><\/div><div class=\"gt-social-links-element gt-style-5\"><ul class=\"gt-social-links\"><li><a href=\"https:\/\/www.facebook.com\/spain.info\" target=\"_blank\"><i class=\"fab fa-facebook-f\"><\/i><\/a><\/li><li><a href=\"https:\/\/twitter.com\/spain\" target=\"_blank\"><i class=\"fab fa-twitter\"><\/i><\/a><\/li><li><a href=\"https:\/\/www.youtube.com\/spain\" target=\"_blank\"><i class=\"fab fa-youtube\"><\/i><\/a><\/li><li><a href=\"https:\/\/www.instagram.com\/spain\/\" target=\"_blank\"><i class=\"fab fa-instagram\"><\/i><\/a><\/li><li><a href=\"https:\/\/www.tiktok.com\/@visitspain\" target=\"_blank\"><i class=\"fab fa-teamspeak\"><\/i><\/a><\/li><\/ul><\/div>\n\t<div class=\"wpb_text_column wpb_content_element\" >\n\t\t<div class=\"wpb_wrapper\">\n\t\t\t\n\t\t<\/div>\n\t<\/div>\n\n\t<div class=\"wpb_text_column wpb_content_element\" >\n\t\t<div class=\"wpb_wrapper\">\n\t\t\t<p style=\"text-align: left;\"><a href=\"https:\/\/www.tourspain.es\/en\/legal-notice\/\" target=\"_blank\" rel=\"noopener\">Legal notice<\/a><\/p>\n<p style=\"text-align: left;\"><a href=\"https:\/\/www.tourspain.es\/en\/data-protection\/\" target=\"_blank\" rel=\"noopener\">Data protection<\/a><\/p>\n<p style=\"text-align: left;\"><a href=\"https:\/\/events.spain.info\/en\/accesibilidad\/\" target=\"_blank\" rel=\"noopener\">Accessibility<\/a><\/p>\n\n\t\t<\/div>\n\t<\/div>\n<\/div><\/div><\/div><\/div>","protected":false},"excerpt":{"rendered":"Sobre nosotros En Espa\u00f1aMinisterio de Industria y Turismo Instituto de Turismo de Espa\u00f1a - Turespa\u00f1a C\/ Poeta Joan Maragall, 41 - 28020, Madrid En el exteriorRed de Consejer\u00edas de TurismoS\u00edguenos Aviso legal Protecci\u00f3n de datos Accesibilidad","protected":false},"author":2,"featured_media":0,"parent":0,"menu_order":0,"comment_status":"closed","ping_status":"closed","template":"","meta":{"footnotes":""},"class_list":["post-338","page","type-page","status-publish","hentry"],"jetpack_sharing_enabled":true,"_links":{"self":[{"href":"https:\/\/events.spain.info\/en\/wp-json\/wp\/v2\/pages\/338","targetHints":{"allow":["GET"]}}],"collection":[{"href":"https:\/\/events.spain.info\/en\/wp-json\/wp\/v2\/pages"}],"about":[{"href":"https:\/\/events.spain.info\/en\/wp-json\/wp\/v2\/types\/page"}],"author":[{"embeddable":true,"href":"https:\/\/events.spain.info\/en\/wp-json\/wp\/v2\/users\/2"}],"replies":[{"embeddable":true,"href":"https:\/\/events.spain.info\/en\/wp-json\/wp\/v2\/comments?post=338"}],"version-history":[{"count":49,"href":"https:\/\/events.spain.info\/en\/wp-json\/wp\/v2\/pages\/338\/revisions"}],"predecessor-version":[{"id":3882,"href":"https:\/\/events.spain.info\/en\/wp-json\/wp\/v2\/pages\/338\/revisions\/3882"}],"wp:attachment":[{"href":"https:\/\/events.spain.info\/en\/wp-json\/wp\/v2\/media?parent=338"}],"curies":[{"name":"wp","href":"https:\/\/api.w.org\/{rel}","templated":true}]}}